{"id":63,"date":"2019-04-27T12:45:18","date_gmt":"2019-04-27T10:45:18","guid":{"rendered":"https:\/\/comitejumelagecuincytwyford.fr\/?page_id=63"},"modified":"2019-05-29T20:33:40","modified_gmt":"2019-05-29T18:33:40","slug":"twyford","status":"publish","type":"page","link":"https:\/\/comitejumelagecuincytwyford.fr\/index.php\/twyford\/","title":{"rendered":"Twyford"},"content":{"rendered":"\n<p>Twyford est une ville anglaise situ\u00e9e 60 km \u00e0 l&rsquo;ouest de Londres. Elle est dot\u00e9e d&rsquo;une gare lui permettant de se rendre \u00e0 la capitale en 35 minutes.<\/p>\n\n\n\n<p>360 km s\u00e9pare Cuincy de Twyford. Il faut donc environ 4 h en voiture pour faire le voyage. <\/p>\n\n\n\n<p>Twyford compte environ 6000 habitants, soit une taille \u00e9quivalente \u00e0 notre commune. Elle est situ\u00e9e \u00e0 quelques kilom\u00e8tres du c\u00e9l\u00e8bre ch\u00e2teau de Windsor.<\/p>\n\n\n\n<p>Elle poss\u00e8de plusieurs \u00e9coles ainsi que de nombreuses associations sportives (football, tennis de table&#8230;) et culturelles (chorale, peintures&#8230;).<\/p>\n\n\n\n<div class=\"wp-block-image\"><figure class=\"alignleft\"><img loading=\"lazy\" decoding=\"async\" width=\"1024\" height=\"683\" src=\"https:\/\/comitejumelagecuincytwyford.fr\/wp-content\/uploads\/2019\/04\/twyford-berkshire-highstreet_ss-1024x683.jpg\" alt=\"\" class=\"wp-image-79\" srcset=\"https:\/\/comitejumelagecuincytwyford.fr\/wp-content\/uploads\/2019\/04\/twyford-berkshire-highstreet_ss-1024x683.jpg 1024w, https:\/\/comitejumelagecuincytwyford.fr\/wp-content\/uploads\/2019\/04\/twyford-berkshire-highstreet_ss-300x200.jpg 300w, https:\/\/comitejumelagecuincytwyford.fr\/wp-content\/uploads\/2019\/04\/twyford-berkshire-highstreet_ss-768x512.jpg 768w, https:\/\/comitejumelagecuincytwyford.fr\/wp-content\/uploads\/2019\/04\/twyford-berkshire-highstreet_ss-360x240.jpg 360w, https:\/\/comitejumelagecuincytwyford.fr\/wp-content\/uploads\/2019\/04\/twyford-berkshire-highstreet_ss.jpg 1200w\" sizes=\"auto, (max-width: 1024px) 100vw, 1024px\" \/><figcaption>Centre-ville<\/figcaption><\/figure><\/div>\n\n\n\n<p><\/p>\n\n\n\n<p>Tous les ans a lieu le Twyford Beer Festival ! L&rsquo;\u00e9quivalent du \u00ab\u00a0Cuincy en F\u00eate\u00a0\u00bb mais avec davantage de bi\u00e8res.<\/p>\n\n\n\n<figure class=\"wp-block-embed-youtube wp-block-embed is-type-video is-provider-youtube wp-embed-aspect-16-9 wp-has-aspect-ratio\"><div class=\"wp-block-embed__wrapper\">\n<iframe loading=\"lazy\" width=\"750\" height=\"422\" src=\"https:\/\/www.youtube.com\/embed\/2OOthLHeq6k?feature=oembed\" frameborder=\"0\" allow=\"accelerometer; autoplay; encrypted-media; gyroscope; picture-in-picture\" allowfullscreen><\/iframe>\n<\/div><\/figure>\n","protected":false},"excerpt":{"rendered":"<p>Twyford est une ville anglaise situ\u00e9e 60 km \u00e0 l&rsquo;ouest de Londres. Elle est dot\u00e9e d&rsquo;une gare lui permettant de se rendre \u00e0 la capitale en 35 minutes. 360 km s\u00e9pare Cuincy de Twyford. Il faut donc environ 4 h en voiture pour faire le voyage. Twyford compte environ 6000 [&hellip;]<\/p>\n","protected":false},"author":1,"featured_media":79,"parent":0,"menu_order":0,"comment_status":"closed","ping_status":"closed","template":"","meta":{"_exactmetrics_skip_tracking":false,"_exactmetrics_sitenote_active":false,"_exactmetrics_sitenote_note":"","_exactmetrics_sitenote_category":0,"footnotes":""},"class_list":["post-63","page","type-page","status-publish","has-post-thumbnail","hentry"],"_links":{"self":[{"href":"https:\/\/comitejumelagecuincytwyford.fr\/index.php\/wp-json\/wp\/v2\/pages\/63","targetHints":{"allow":["GET"]}}],"collection":[{"href":"https:\/\/comitejumelagecuincytwyford.fr\/index.php\/wp-json\/wp\/v2\/pages"}],"about":[{"href":"https:\/\/comitejumelagecuincytwyford.fr\/index.php\/wp-json\/wp\/v2\/types\/page"}],"author":[{"embeddable":true,"href":"https:\/\/comitejumelagecuincytwyford.fr\/index.php\/wp-json\/wp\/v2\/users\/1"}],"replies":[{"embeddable":true,"href":"https:\/\/comitejumelagecuincytwyford.fr\/index.php\/wp-json\/wp\/v2\/comments?post=63"}],"version-history":[{"count":3,"href":"https:\/\/comitejumelagecuincytwyford.fr\/index.php\/wp-json\/wp\/v2\/pages\/63\/revisions"}],"predecessor-version":[{"id":239,"href":"https:\/\/comitejumelagecuincytwyford.fr\/index.php\/wp-json\/wp\/v2\/pages\/63\/revisions\/239"}],"wp:featuredmedia":[{"embeddable":true,"href":"https:\/\/comitejumelagecuincytwyford.fr\/index.php\/wp-json\/wp\/v2\/media\/79"}],"wp:attachment":[{"href":"https:\/\/comitejumelagecuincytwyford.fr\/index.php\/wp-json\/wp\/v2\/media?parent=63"}],"curies":[{"name":"wp","href":"https:\/\/api.w.org\/{rel}","templated":true}]}}